{"id":12,"date":"2025-07-01T08:55:44","date_gmt":"2025-07-01T08:55:44","guid":{"rendered":"https:\/\/elchiringuitodepadules.rkinformatika.online\/?page_id=12"},"modified":"2025-07-01T14:27:04","modified_gmt":"2025-07-01T14:27:04","slug":"servicios","status":"publish","type":"page","link":"https:\/\/elchiringuitodepadules.com\/en\/servicios\/","title":{"rendered":"Services"},"content":{"rendered":"\t\t<div data-elementor-type=\"wp-page\" data-elementor-id=\"12\" class=\"elementor elementor-12\" data-elementor-post-type=\"page\">\n\t\t\t\t\t\t<section class=\"elementor-section elementor-top-section elementor-element elementor-element-b9bf297 elementor-section-full_width elementor-section-height-default elementor-section-height-default\" data-id=\"b9bf297\" data-element_type=\"section\" data-e-type=\"section\" data-settings=\"{&quot;background_background&quot;:&quot;classic&quot;,&quot;background_motion_fx_motion_fx_scrolling&quot;:&quot;yes&quot;,&quot;background_motion_fx_devices&quot;:[&quot;desktop&quot;,&quot;tablet&quot;,&quot;mobile&quot;]}\">\n\t\t\t\t\t\t\t<div class=\"elementor-background-overlay\"><\/div>\n\t\t\t\t\t\t\t<div class=\"elementor-container elementor-column-gap-default\">\n\t\t\t\t\t<div class=\"elementor-column elementor-col-100 elementor-top-column elementor-element elementor-element-875c0a8\" data-id=\"875c0a8\" data-element_type=\"column\" data-e-type=\"column\">\n\t\t\t<div class=\"elementor-widget-wrap elementor-element-populated\">\n\t\t\t\t\t\t<div class=\"elementor-element elementor-element-8c9b676 elementor-invisible elementor-widget elementor-widget-heading\" data-id=\"8c9b676\" data-element_type=\"widget\" data-e-type=\"widget\" data-settings=\"{&quot;_animation&quot;:&quot;fadeIn&quot;}\" data-widget_type=\"heading.default\">\n\t\t\t\t<div class=\"elementor-widget-container\">\n\t\t\t\t\t<h1 class=\"elementor-heading-title elementor-size-default\">SERVICIOS<\/h1>\t\t\t\t<\/div>\n\t\t\t\t<\/div>\n\t\t\t\t\t<\/div>\n\t\t<\/div>\n\t\t\t\t\t<\/div>\n\t\t<\/section>\n\t\t<div class=\"elementor-element elementor-element-16949db e-flex e-con-boxed e-con e-parent\" data-id=\"16949db\" data-element_type=\"container\" data-e-type=\"container\">\n\t\t\t\t\t<div class=\"e-con-inner\">\n\t\t<div class=\"elementor-element elementor-element-762e79f e-con-full e-flex e-con e-child\" data-id=\"762e79f\" data-element_type=\"container\" data-e-type=\"container\">\n\t\t\t\t<div class=\"elementor-element elementor-element-72a4f96 elementor-widget elementor-widget-image\" data-id=\"72a4f96\" data-element_type=\"widget\" data-e-type=\"widget\" data-widget_type=\"image.default\">\n\t\t\t\t<div class=\"elementor-widget-container\">\n\t\t\t\t\t\t\t\t\t\t\t\t\t\t\t<img fetchpriority=\"high\" decoding=\"async\" width=\"800\" height=\"616\" src=\"https:\/\/elchiringuitodepadules.com\/wp-content\/uploads\/2025\/07\/7-1024x788.png\" class=\"attachment-large size-large wp-image-144\" alt=\"\" srcset=\"https:\/\/elchiringuitodepadules.com\/wp-content\/uploads\/2025\/07\/7-1024x788.png 1024w, https:\/\/elchiringuitodepadules.com\/wp-content\/uploads\/2025\/07\/7-300x231.png 300w, https:\/\/elchiringuitodepadules.com\/wp-content\/uploads\/2025\/07\/7-768x591.png 768w, https:\/\/elchiringuitodepadules.com\/wp-content\/uploads\/2025\/07\/7-16x12.png 16w, https:\/\/elchiringuitodepadules.com\/wp-content\/uploads\/2025\/07\/7.png 1300w\" sizes=\"(max-width: 800px) 100vw, 800px\" \/>\t\t\t\t\t\t\t\t\t\t\t\t\t\t\t<\/div>\n\t\t\t\t<\/div>\n\t\t\t\t<div class=\"elementor-element elementor-element-9d3f179 elementor-widget elementor-widget-heading\" data-id=\"9d3f179\" data-element_type=\"widget\" data-e-type=\"widget\" data-widget_type=\"heading.default\">\n\t\t\t\t<div class=\"elementor-widget-container\">\n\t\t\t\t\t<h2 class=\"elementor-heading-title elementor-size-default\">Tapas y raciones caseras<\/h2>\t\t\t\t<\/div>\n\t\t\t\t<\/div>\n\t\t\t\t<div class=\"elementor-element elementor-element-1e78ca6 elementor-widget elementor-widget-text-editor\" data-id=\"1e78ca6\" data-element_type=\"widget\" data-e-type=\"widget\" data-widget_type=\"text-editor.default\">\n\t\t\t\t<div class=\"elementor-widget-container\">\n\t\t\t\t\t\t\t\t\t<p>Ofrecemos una amplia variedad de tapas tradicionales y raciones para compartir, elaboradas con ingredientes frescos y de calidad. Cada plato est\u00e1 pensado para saborear lo mejor de la cocina andaluza, con ese toque casero que nos caracteriza.<\/p>\t\t\t\t\t\t\t\t<\/div>\n\t\t\t\t<\/div>\n\t\t\t\t<\/div>\n\t\t<div class=\"elementor-element elementor-element-93794da e-con-full e-flex e-con e-child\" data-id=\"93794da\" data-element_type=\"container\" data-e-type=\"container\">\n\t\t\t\t<div class=\"elementor-element elementor-element-ee88911 elementor-widget elementor-widget-image\" data-id=\"ee88911\" data-element_type=\"widget\" data-e-type=\"widget\" data-widget_type=\"image.default\">\n\t\t\t\t<div class=\"elementor-widget-container\">\n\t\t\t\t\t\t\t\t\t\t\t\t\t\t\t<img decoding=\"async\" width=\"800\" height=\"616\" src=\"https:\/\/elchiringuitodepadules.com\/wp-content\/uploads\/2025\/07\/4-1024x788.png\" class=\"attachment-large size-large wp-image-141\" alt=\"\" srcset=\"https:\/\/elchiringuitodepadules.com\/wp-content\/uploads\/2025\/07\/4-1024x788.png 1024w, https:\/\/elchiringuitodepadules.com\/wp-content\/uploads\/2025\/07\/4-300x231.png 300w, https:\/\/elchiringuitodepadules.com\/wp-content\/uploads\/2025\/07\/4-768x591.png 768w, https:\/\/elchiringuitodepadules.com\/wp-content\/uploads\/2025\/07\/4-16x12.png 16w, https:\/\/elchiringuitodepadules.com\/wp-content\/uploads\/2025\/07\/4.png 1300w\" sizes=\"(max-width: 800px) 100vw, 800px\" \/>\t\t\t\t\t\t\t\t\t\t\t\t\t\t\t<\/div>\n\t\t\t\t<\/div>\n\t\t\t\t<div class=\"elementor-element elementor-element-a50086b elementor-widget elementor-widget-heading\" data-id=\"a50086b\" data-element_type=\"widget\" data-e-type=\"widget\" data-widget_type=\"heading.default\">\n\t\t\t\t<div class=\"elementor-widget-container\">\n\t\t\t\t\t<h2 class=\"elementor-heading-title elementor-size-default\">Carnes a la brasa<\/h2>\t\t\t\t<\/div>\n\t\t\t\t<\/div>\n\t\t\t\t<div class=\"elementor-element elementor-element-3bc77ce elementor-widget elementor-widget-text-editor\" data-id=\"3bc77ce\" data-element_type=\"widget\" data-e-type=\"widget\" data-widget_type=\"text-editor.default\">\n\t\t\t\t<div class=\"elementor-widget-container\">\n\t\t\t\t\t\t\t\t\t<p>Nuestras carnes a la brasa son el alma del chiringuito. Preparadas al momento en nuestras parrillas, podr\u00e1s disfrutar de chuletas, costillas, chorizos, panceta y mucho m\u00e1s, con ese sabor ahumado tan especial.<\/p>\t\t\t\t\t\t\t\t<\/div>\n\t\t\t\t<\/div>\n\t\t\t\t<\/div>\n\t\t<div class=\"elementor-element elementor-element-e5e4634 e-con-full e-flex e-con e-child\" data-id=\"e5e4634\" data-element_type=\"container\" data-e-type=\"container\">\n\t\t\t\t<div class=\"elementor-element elementor-element-fb63eb6 elementor-widget elementor-widget-image\" data-id=\"fb63eb6\" data-element_type=\"widget\" data-e-type=\"widget\" data-widget_type=\"image.default\">\n\t\t\t\t<div class=\"elementor-widget-container\">\n\t\t\t\t\t\t\t\t\t\t\t\t\t\t\t<img decoding=\"async\" width=\"800\" height=\"616\" src=\"https:\/\/elchiringuitodepadules.com\/wp-content\/uploads\/2025\/07\/El-chiringuito-1-1024x788.png\" class=\"attachment-large size-large wp-image-218\" alt=\"\" srcset=\"https:\/\/elchiringuitodepadules.com\/wp-content\/uploads\/2025\/07\/El-chiringuito-1-1024x788.png 1024w, https:\/\/elchiringuitodepadules.com\/wp-content\/uploads\/2025\/07\/El-chiringuito-1-300x231.png 300w, https:\/\/elchiringuitodepadules.com\/wp-content\/uploads\/2025\/07\/El-chiringuito-1-768x591.png 768w, https:\/\/elchiringuitodepadules.com\/wp-content\/uploads\/2025\/07\/El-chiringuito-1-16x12.png 16w, https:\/\/elchiringuitodepadules.com\/wp-content\/uploads\/2025\/07\/El-chiringuito-1.png 1300w\" sizes=\"(max-width: 800px) 100vw, 800px\" \/>\t\t\t\t\t\t\t\t\t\t\t\t\t\t\t<\/div>\n\t\t\t\t<\/div>\n\t\t\t\t<div class=\"elementor-element elementor-element-5ee3468 elementor-widget elementor-widget-heading\" data-id=\"5ee3468\" data-element_type=\"widget\" data-e-type=\"widget\" data-widget_type=\"heading.default\">\n\t\t\t\t<div class=\"elementor-widget-container\">\n\t\t\t\t\t<h2 class=\"elementor-heading-title elementor-size-default\">Bebidas fr\u00edas y ambiente informal<\/h2>\t\t\t\t<\/div>\n\t\t\t\t<\/div>\n\t\t\t\t<div class=\"elementor-element elementor-element-32c8412 elementor-widget elementor-widget-text-editor\" data-id=\"32c8412\" data-element_type=\"widget\" data-e-type=\"widget\" data-widget_type=\"text-editor.default\">\n\t\t\t\t<div class=\"elementor-widget-container\">\n\t\t\t\t\t\t\t\t\t<p>Cervezas bien fr\u00edas, vinos locales, refrescos y mucho m\u00e1s para acompa\u00f1ar tu comida. El ambiente es distendido, familiar y con el encanto t\u00edpico de los bares del sur.<\/p>\t\t\t\t\t\t\t\t<\/div>\n\t\t\t\t<\/div>\n\t\t\t\t<\/div>\n\t\t<div class=\"elementor-element elementor-element-bfb48a4 e-con-full e-flex e-con e-child\" data-id=\"bfb48a4\" data-element_type=\"container\" data-e-type=\"container\">\n\t\t\t\t<div class=\"elementor-element elementor-element-c8d5afb elementor-widget elementor-widget-image\" data-id=\"c8d5afb\" data-element_type=\"widget\" data-e-type=\"widget\" data-widget_type=\"image.default\">\n\t\t\t\t<div class=\"elementor-widget-container\">\n\t\t\t\t\t\t\t\t\t\t\t\t\t\t\t<img loading=\"lazy\" decoding=\"async\" width=\"800\" height=\"616\" src=\"https:\/\/elchiringuitodepadules.com\/wp-content\/uploads\/2025\/07\/El-chiringuito-1024x788.png\" class=\"attachment-large size-large wp-image-213\" alt=\"\" srcset=\"https:\/\/elchiringuitodepadules.com\/wp-content\/uploads\/2025\/07\/El-chiringuito-1024x788.png 1024w, https:\/\/elchiringuitodepadules.com\/wp-content\/uploads\/2025\/07\/El-chiringuito-300x231.png 300w, https:\/\/elchiringuitodepadules.com\/wp-content\/uploads\/2025\/07\/El-chiringuito-768x591.png 768w, https:\/\/elchiringuitodepadules.com\/wp-content\/uploads\/2025\/07\/El-chiringuito-16x12.png 16w, https:\/\/elchiringuitodepadules.com\/wp-content\/uploads\/2025\/07\/El-chiringuito.png 1300w\" sizes=\"(max-width: 800px) 100vw, 800px\" \/>\t\t\t\t\t\t\t\t\t\t\t\t\t\t\t<\/div>\n\t\t\t\t<\/div>\n\t\t\t\t<div class=\"elementor-element elementor-element-77651e0 elementor-widget elementor-widget-heading\" data-id=\"77651e0\" data-element_type=\"widget\" data-e-type=\"widget\" data-widget_type=\"heading.default\">\n\t\t\t\t<div class=\"elementor-widget-container\">\n\t\t\t\t\t<h2 class=\"elementor-heading-title elementor-size-default\">Zona exterior con terraza<\/h2>\t\t\t\t<\/div>\n\t\t\t\t<\/div>\n\t\t\t\t<div class=\"elementor-element elementor-element-f122d69 elementor-widget elementor-widget-text-editor\" data-id=\"f122d69\" data-element_type=\"widget\" data-e-type=\"widget\" data-widget_type=\"text-editor.default\">\n\t\t\t\t<div class=\"elementor-widget-container\">\n\t\t\t\t\t\t\t\t\t<p>Contamos con una terraza al aire libre perfecta para disfrutar de las comidas al sol o bajo la sombra de los \u00e1rboles. Ideal para grupos, familias o simplemente para desconectar del ritmo diario.<\/p>\t\t\t\t\t\t\t\t<\/div>\n\t\t\t\t<\/div>\n\t\t\t\t<\/div>\n\t\t\t\t\t<\/div>\n\t\t\t\t<\/div>\n\t\t\t\t<section class=\"elementor-section elementor-top-section elementor-element elementor-element-922cc6d elementor-section-boxed elementor-section-height-default elementor-section-height-default\" data-id=\"922cc6d\" data-element_type=\"section\" data-e-type=\"section\" data-settings=\"{&quot;background_background&quot;:&quot;classic&quot;}\">\n\t\t\t\t\t\t\t<div class=\"elementor-background-overlay\"><\/div>\n\t\t\t\t\t\t\t<div class=\"elementor-container elementor-column-gap-no\">\n\t\t\t\t\t<div class=\"elementor-column elementor-col-100 elementor-top-column elementor-element elementor-element-39bb070\" data-id=\"39bb070\" data-element_type=\"column\" data-e-type=\"column\">\n\t\t\t<div class=\"elementor-widget-wrap elementor-element-populated\">\n\t\t\t\t\t\t<section class=\"elementor-section elementor-inner-section elementor-element elementor-element-cb2fe0c elementor-section-full_width elementor-section-height-default elementor-section-height-default\" data-id=\"cb2fe0c\" data-element_type=\"section\" data-e-type=\"section\">\n\t\t\t\t\t\t<div class=\"elementor-container elementor-column-gap-no\">\n\t\t\t\t\t<div class=\"elementor-column elementor-col-100 elementor-inner-column elementor-element elementor-element-956a3ec\" data-id=\"956a3ec\" data-element_type=\"column\" data-e-type=\"column\">\n\t\t\t<div class=\"elementor-widget-wrap elementor-element-populated\">\n\t\t\t\t\t\t<div class=\"elementor-element elementor-element-4264203 elementor-widget__width-inherit elementor-widget elementor-widget-heading\" data-id=\"4264203\" data-element_type=\"widget\" data-e-type=\"widget\" data-widget_type=\"heading.default\">\n\t\t\t\t<div class=\"elementor-widget-container\">\n\t\t\t\t\t<h2 class=\"elementor-heading-title elementor-size-default\">\u00bfDudas, sugerencias o simplemente saludarnos?<\/h2>\t\t\t\t<\/div>\n\t\t\t\t<\/div>\n\t\t\t\t<div class=\"elementor-element elementor-element-c33e182 elementor-align-center elementor-widget__width-inherit elementor-widget elementor-widget-button\" data-id=\"c33e182\" data-element_type=\"widget\" data-e-type=\"widget\" data-widget_type=\"button.default\">\n\t\t\t\t<div class=\"elementor-widget-container\">\n\t\t\t\t\t\t\t\t\t<div class=\"elementor-button-wrapper\">\n\t\t\t\t\t<a class=\"elementor-button elementor-button-link elementor-size-sm\" href=\"https:\/\/elchiringuitodepadules.com\/contactos\/\">\n\t\t\t\t\t\t<span class=\"elementor-button-content-wrapper\">\n\t\t\t\t\t\t\t\t\t<span class=\"elementor-button-text\">CONTACTOS<\/span>\n\t\t\t\t\t<\/span>\n\t\t\t\t\t<\/a>\n\t\t\t\t<\/div>\n\t\t\t\t\t\t\t\t<\/div>\n\t\t\t\t<\/div>\n\t\t\t\t\t<\/div>\n\t\t<\/div>\n\t\t\t\t\t<\/div>\n\t\t<\/section>\n\t\t\t\t\t<\/div>\n\t\t<\/div>\n\t\t\t\t\t<\/div>\n\t\t<\/section>\n\t\t\t\t<\/div>\n\t\t","protected":false},"excerpt":{"rendered":"<p>SERVICIOS Tapas y raciones caseras Ofrecemos una amplia variedad de tapas tradicionales y raciones para compartir, elaboradas con ingredientes frescos y de calidad. Cada plato est\u00e1 pensado para saborear lo mejor de la cocina andaluza, con ese toque casero que nos caracteriza. Carnes a la brasa Nuestras carnes a la brasa son el alma del [&hellip;]<\/p>\n","protected":false},"author":1,"featured_media":0,"parent":0,"menu_order":0,"comment_status":"closed","ping_status":"closed","template":"elementor_canvas","meta":{"footnotes":""},"class_list":["post-12","page","type-page","status-publish","hentry"],"yoast_head":"<!-- This site is optimized with the Yoast SEO plugin v27.3 - https:\/\/yoast.com\/product\/yoast-seo-wordpress\/ -->\n<title>Servicios - El Chiringuito de Padules<\/title>\n<meta name=\"robots\" content=\"index, follow, max-snippet:-1, max-image-preview:large, max-video-preview:-1\" \/>\n<link rel=\"canonical\" href=\"https:\/\/elchiringuitodepadules.com\/en\/servicios\/\" \/>\n<meta property=\"og:locale\" content=\"en_GB\" \/>\n<meta property=\"og:type\" content=\"article\" \/>\n<meta property=\"og:title\" content=\"Servicios - El Chiringuito de Padules\" \/>\n<meta property=\"og:description\" content=\"SERVICIOS Tapas y raciones caseras Ofrecemos una amplia variedad de tapas tradicionales y raciones para compartir, elaboradas con ingredientes frescos y de calidad. Cada plato est\u00e1 pensado para saborear lo mejor de la cocina andaluza, con ese toque casero que nos caracteriza. Carnes a la brasa Nuestras carnes a la brasa son el alma del [&hellip;]\" \/>\n<meta property=\"og:url\" content=\"https:\/\/elchiringuitodepadules.com\/en\/servicios\/\" \/>\n<meta property=\"og:site_name\" content=\"El Chiringuito de Padules\" \/>\n<meta property=\"article:modified_time\" content=\"2025-07-01T14:27:04+00:00\" \/>\n<meta property=\"og:image\" content=\"https:\/\/elchiringuitodepadules.com\/wp-content\/uploads\/2025\/07\/7-1024x788.png\" \/>\n\t<meta property=\"og:image:width\" content=\"1024\" \/>\n\t<meta property=\"og:image:height\" content=\"788\" \/>\n\t<meta property=\"og:image:type\" content=\"image\/png\" \/>\n<meta name=\"twitter:card\" content=\"summary_large_image\" \/>\n<meta name=\"twitter:label1\" content=\"Estimated reading time\" \/>\n\t<meta name=\"twitter:data1\" content=\"2 minutes\" \/>\n<script type=\"application\/ld+json\" class=\"yoast-schema-graph\">{\"@context\":\"https:\\\/\\\/schema.org\",\"@graph\":[{\"@type\":\"WebPage\",\"@id\":\"https:\\\/\\\/elchiringuitodepadules.com\\\/servicios\\\/\",\"url\":\"https:\\\/\\\/elchiringuitodepadules.com\\\/servicios\\\/\",\"name\":\"Servicios - El Chiringuito de Padules\",\"isPartOf\":{\"@id\":\"https:\\\/\\\/elchiringuitodepadules.com\\\/#website\"},\"primaryImageOfPage\":{\"@id\":\"https:\\\/\\\/elchiringuitodepadules.com\\\/servicios\\\/#primaryimage\"},\"image\":{\"@id\":\"https:\\\/\\\/elchiringuitodepadules.com\\\/servicios\\\/#primaryimage\"},\"thumbnailUrl\":\"https:\\\/\\\/elchiringuitodepadules.com\\\/wp-content\\\/uploads\\\/2025\\\/07\\\/7-1024x788.png\",\"datePublished\":\"2025-07-01T08:55:44+00:00\",\"dateModified\":\"2025-07-01T14:27:04+00:00\",\"breadcrumb\":{\"@id\":\"https:\\\/\\\/elchiringuitodepadules.com\\\/servicios\\\/#breadcrumb\"},\"inLanguage\":\"en-GB\",\"potentialAction\":[{\"@type\":\"ReadAction\",\"target\":[\"https:\\\/\\\/elchiringuitodepadules.com\\\/servicios\\\/\"]}]},{\"@type\":\"ImageObject\",\"inLanguage\":\"en-GB\",\"@id\":\"https:\\\/\\\/elchiringuitodepadules.com\\\/servicios\\\/#primaryimage\",\"url\":\"https:\\\/\\\/elchiringuitodepadules.com\\\/wp-content\\\/uploads\\\/2025\\\/07\\\/7-1024x788.png\",\"contentUrl\":\"https:\\\/\\\/elchiringuitodepadules.com\\\/wp-content\\\/uploads\\\/2025\\\/07\\\/7-1024x788.png\"},{\"@type\":\"BreadcrumbList\",\"@id\":\"https:\\\/\\\/elchiringuitodepadules.com\\\/servicios\\\/#breadcrumb\",\"itemListElement\":[{\"@type\":\"ListItem\",\"position\":1,\"name\":\"Portada\",\"item\":\"https:\\\/\\\/elchiringuitodepadules.com\\\/\"},{\"@type\":\"ListItem\",\"position\":2,\"name\":\"Servicios\"}]},{\"@type\":\"WebSite\",\"@id\":\"https:\\\/\\\/elchiringuitodepadules.com\\\/#website\",\"url\":\"https:\\\/\\\/elchiringuitodepadules.com\\\/\",\"name\":\"El Chiringuito de Padules\",\"description\":\"Hosteler\u00eda\",\"publisher\":{\"@id\":\"https:\\\/\\\/elchiringuitodepadules.com\\\/#organization\"},\"potentialAction\":[{\"@type\":\"SearchAction\",\"target\":{\"@type\":\"EntryPoint\",\"urlTemplate\":\"https:\\\/\\\/elchiringuitodepadules.com\\\/?s={search_term_string}\"},\"query-input\":{\"@type\":\"PropertyValueSpecification\",\"valueRequired\":true,\"valueName\":\"search_term_string\"}}],\"inLanguage\":\"en-GB\"},{\"@type\":\"Organization\",\"@id\":\"https:\\\/\\\/elchiringuitodepadules.com\\\/#organization\",\"name\":\"El Chiringuito de Padules\",\"url\":\"https:\\\/\\\/elchiringuitodepadules.com\\\/\",\"logo\":{\"@type\":\"ImageObject\",\"inLanguage\":\"en-GB\",\"@id\":\"https:\\\/\\\/elchiringuitodepadules.com\\\/#\\\/schema\\\/logo\\\/image\\\/\",\"url\":\"https:\\\/\\\/elchiringuitodepadules.com\\\/wp-content\\\/uploads\\\/2025\\\/07\\\/cropped-chiringuitopadules202505_logoarriba.jpg\",\"contentUrl\":\"https:\\\/\\\/elchiringuitodepadules.com\\\/wp-content\\\/uploads\\\/2025\\\/07\\\/cropped-chiringuitopadules202505_logoarriba.jpg\",\"width\":242,\"height\":222,\"caption\":\"El Chiringuito de Padules\"},\"image\":{\"@id\":\"https:\\\/\\\/elchiringuitodepadules.com\\\/#\\\/schema\\\/logo\\\/image\\\/\"}}]}<\/script>\n<!-- \/ Yoast SEO plugin. -->","yoast_head_json":{"title":"Servicios - El Chiringuito de Padules","robots":{"index":"index","follow":"follow","max-snippet":"max-snippet:-1","max-image-preview":"max-image-preview:large","max-video-preview":"max-video-preview:-1"},"canonical":"https:\/\/elchiringuitodepadules.com\/en\/servicios\/","og_locale":"en_GB","og_type":"article","og_title":"Servicios - El Chiringuito de Padules","og_description":"SERVICIOS Tapas y raciones caseras Ofrecemos una amplia variedad de tapas tradicionales y raciones para compartir, elaboradas con ingredientes frescos y de calidad. Cada plato est\u00e1 pensado para saborear lo mejor de la cocina andaluza, con ese toque casero que nos caracteriza. Carnes a la brasa Nuestras carnes a la brasa son el alma del [&hellip;]","og_url":"https:\/\/elchiringuitodepadules.com\/en\/servicios\/","og_site_name":"El Chiringuito de Padules","article_modified_time":"2025-07-01T14:27:04+00:00","og_image":[{"width":1024,"height":788,"url":"https:\/\/elchiringuitodepadules.com\/wp-content\/uploads\/2025\/07\/7-1024x788.png","type":"image\/png"}],"twitter_card":"summary_large_image","twitter_misc":{"Estimated reading time":"2 minutes"},"schema":{"@context":"https:\/\/schema.org","@graph":[{"@type":"WebPage","@id":"https:\/\/elchiringuitodepadules.com\/servicios\/","url":"https:\/\/elchiringuitodepadules.com\/servicios\/","name":"Servicios - El Chiringuito de Padules","isPartOf":{"@id":"https:\/\/elchiringuitodepadules.com\/#website"},"primaryImageOfPage":{"@id":"https:\/\/elchiringuitodepadules.com\/servicios\/#primaryimage"},"image":{"@id":"https:\/\/elchiringuitodepadules.com\/servicios\/#primaryimage"},"thumbnailUrl":"https:\/\/elchiringuitodepadules.com\/wp-content\/uploads\/2025\/07\/7-1024x788.png","datePublished":"2025-07-01T08:55:44+00:00","dateModified":"2025-07-01T14:27:04+00:00","breadcrumb":{"@id":"https:\/\/elchiringuitodepadules.com\/servicios\/#breadcrumb"},"inLanguage":"en-GB","potentialAction":[{"@type":"ReadAction","target":["https:\/\/elchiringuitodepadules.com\/servicios\/"]}]},{"@type":"ImageObject","inLanguage":"en-GB","@id":"https:\/\/elchiringuitodepadules.com\/servicios\/#primaryimage","url":"https:\/\/elchiringuitodepadules.com\/wp-content\/uploads\/2025\/07\/7-1024x788.png","contentUrl":"https:\/\/elchiringuitodepadules.com\/wp-content\/uploads\/2025\/07\/7-1024x788.png"},{"@type":"BreadcrumbList","@id":"https:\/\/elchiringuitodepadules.com\/servicios\/#breadcrumb","itemListElement":[{"@type":"ListItem","position":1,"name":"Portada","item":"https:\/\/elchiringuitodepadules.com\/"},{"@type":"ListItem","position":2,"name":"Servicios"}]},{"@type":"WebSite","@id":"https:\/\/elchiringuitodepadules.com\/#website","url":"https:\/\/elchiringuitodepadules.com\/","name":"El Chiringuito de Padules","description":"Hosteler\u00eda","publisher":{"@id":"https:\/\/elchiringuitodepadules.com\/#organization"},"potentialAction":[{"@type":"SearchAction","target":{"@type":"EntryPoint","urlTemplate":"https:\/\/elchiringuitodepadules.com\/?s={search_term_string}"},"query-input":{"@type":"PropertyValueSpecification","valueRequired":true,"valueName":"search_term_string"}}],"inLanguage":"en-GB"},{"@type":"Organization","@id":"https:\/\/elchiringuitodepadules.com\/#organization","name":"El Chiringuito de Padules","url":"https:\/\/elchiringuitodepadules.com\/","logo":{"@type":"ImageObject","inLanguage":"en-GB","@id":"https:\/\/elchiringuitodepadules.com\/#\/schema\/logo\/image\/","url":"https:\/\/elchiringuitodepadules.com\/wp-content\/uploads\/2025\/07\/cropped-chiringuitopadules202505_logoarriba.jpg","contentUrl":"https:\/\/elchiringuitodepadules.com\/wp-content\/uploads\/2025\/07\/cropped-chiringuitopadules202505_logoarriba.jpg","width":242,"height":222,"caption":"El Chiringuito de Padules"},"image":{"@id":"https:\/\/elchiringuitodepadules.com\/#\/schema\/logo\/image\/"}}]}},"_links":{"self":[{"href":"https:\/\/elchiringuitodepadules.com\/en\/wp-json\/wp\/v2\/pages\/12","targetHints":{"allow":["GET"]}}],"collection":[{"href":"https:\/\/elchiringuitodepadules.com\/en\/wp-json\/wp\/v2\/pages"}],"about":[{"href":"https:\/\/elchiringuitodepadules.com\/en\/wp-json\/wp\/v2\/types\/page"}],"author":[{"embeddable":true,"href":"https:\/\/elchiringuitodepadules.com\/en\/wp-json\/wp\/v2\/users\/1"}],"replies":[{"embeddable":true,"href":"https:\/\/elchiringuitodepadules.com\/en\/wp-json\/wp\/v2\/comments?post=12"}],"version-history":[{"count":31,"href":"https:\/\/elchiringuitodepadules.com\/en\/wp-json\/wp\/v2\/pages\/12\/revisions"}],"predecessor-version":[{"id":243,"href":"https:\/\/elchiringuitodepadules.com\/en\/wp-json\/wp\/v2\/pages\/12\/revisions\/243"}],"wp:attachment":[{"href":"https:\/\/elchiringuitodepadules.com\/en\/wp-json\/wp\/v2\/media?parent=12"}],"curies":[{"name":"wp","href":"https:\/\/api.w.org\/{rel}","templated":true}]}}